{"id":78,"date":"2024-05-28T16:40:11","date_gmt":"2024-05-28T14:40:11","guid":{"rendered":"https:\/\/mone.votreexcellence.com\/?page_id=78"},"modified":"2024-05-28T16:44:14","modified_gmt":"2024-05-28T14:44:14","slug":"mentions-legales","status":"publish","type":"page","link":"https:\/\/mone.votreexcellence.com\/?page_id=78","title":{"rendered":"Mentions l\u00e9gales"},"content":{"rendered":"\n<p>Merci de lire avec attention les diff\u00e9rentes modalit\u00e9s d\u2019utilisation du pr\u00e9sent site avant d\u2019y parcourir ses pages. En vous connectant sur ce site, vous acceptez, sans r\u00e9serves, les pr\u00e9sentes modalit\u00e9s.<br>Aussi, conform\u00e9ment \u00e0 l\u2019article n\u00b06 de la Loi n\u00b02004-575 du 21 Juin 2004 pour la confiance dans l\u2019\u00e9conomie num\u00e9rique, les responsables du pr\u00e9sent site internet www.mone.votreexcellence.com sont :<\/p>\n\n\n\n<h3 class=\"wp-block-heading\">\u00c9diteur du site<\/h3>\n\n\n\n<p>Responsable \u00e9ditorial : Armelle Moutsinga<br>1 rue des Tertres<br>92 220 Bagneux<br>T\u00e9l\u00e9phone : 0651147161<br>Email : contact@votreexcellence.com<\/p>\n\n\n\n<p>Site web : www.mone.votreexcellence.com<\/p>\n\n\n\n<h3 class=\"wp-block-heading\">H\u00e9bergement<\/h3>\n\n\n\n<p>H\u00e9bergeur : LWS<br>2 rue jules ferry 88190 Golbey<br>site web : https:\/\/www.lws.fr<\/p>\n\n\n\n<h3 class=\"wp-block-heading\">Conditions d\u2019utilisation<\/h3>\n\n\n\n<p>Ce site est propos\u00e9 en diff\u00e9rents langages web (HTML, HTML5, Javascript, CSS, etc\u2026) pour un meilleur confort d\u2019utilisation et un graphisme plus agr\u00e9able.<br>Nous vous recommandons de recourir \u00e0 des navigateurs modernes comme Internet explorer, Safari, Firefox, Google Chrome, etc\u2026<br>L\u2019agence <strong>Cars MONE <\/strong>met en \u0153uvre tous les moyens dont elle dispose, pour assurer une information fiable et une mise \u00e0 jour fiable de ses sites internet. Toutefois, des erreurs ou omissions peuvent survenir.<br>L\u2019internaute devra donc s\u2019assurer de l\u2019exactitude des informations aupr\u00e8s de l\u2019agence <strong>Cars MONE<\/strong> et signaler toutes modifications du site qu\u2019il jugerait utile. L\u2019agence <strong>Cars MONE<\/strong> n\u2019est en aucun cas responsable de l\u2019utilisation faite de ces informations, et de tout pr\u00e9judice direct ou indirect pouvant en d\u00e9couler.<\/p>\n\n\n\n<h3 class=\"wp-block-heading\">Cookies<\/h3>\n\n\n\n<p>Le site <strong>www.mone.votreexcellence.com<\/strong>\u00a0 est amen\u00e9 \u00e0 vous demander l\u2019acceptation des cookies pour des besoins de statistiques et d\u2019affichage. Un cookie est une information d\u00e9pos\u00e9e sur votre disque dur par le serveur du site que vous visitez.<br>Il contient plusieurs donn\u00e9es qui sont stock\u00e9es sur votre ordinateur dans un simple fichier texte auquel un serveur acc\u00e8de pour lire et enregistrer des informations. Certaines parties de ce site ne peuvent \u00eatre fonctionnelles sans l\u2019acceptation de cookies.<\/p>\n\n\n\n<h3 class=\"wp-block-heading\">Services fournis<\/h3>\n\n\n\n<p>L\u2019ensemble des activit\u00e9s de la soci\u00e9t\u00e9 ainsi que ses informations sont pr\u00e9sent\u00e9s sur notre site <strong>www.mone.votreexcellence.com<\/strong>.<br>Les renseignements figurant sur le site <strong>www.mone.votreexcellence.com<\/strong> ne sont pas exhaustifs et les photos non contractuelles.<br>Ils sont donn\u00e9s sous r\u00e9serve de modifications ayant \u00e9t\u00e9 apport\u00e9es depuis leur mise en ligne. Par ailleurs, tous les informations indiqu\u00e9es sur le site <strong>www.mone.votreexcellence.com<\/strong>\u00a0sont donn\u00e9es \u00e0 titre indicatif, et sont susceptibles de changer ou d\u2019\u00e9voluer sans pr\u00e9avis.<\/p>\n\n\n\n<h3 class=\"wp-block-heading\">Limitation contractuelles sur les donn\u00e9es<\/h3>\n\n\n\n<p>Les informations contenues sur ce site sont aussi pr\u00e9cises que possible et le site est mis \u00e0 jour \u00e0 diff\u00e9rentes p\u00e9riodes de l\u2019ann\u00e9e, mais peut toutefois contenir des inexactitudes ou des omissions.<br>Si vous constatez une lacune, erreur ou ce qui parait \u00eatre un dysfonctionnement, merci de bien vouloir le signaler par courriel, \u00e0 l\u2019adresse contact@votreexcellence.com, en d\u00e9crivant le probl\u00e8me de la mani\u00e8re la plus pr\u00e9cise possible (page posant probl\u00e8me, type d\u2019ordinateur et de navigateur utilis\u00e9\u2026).<br>Tout contenu t\u00e9l\u00e9charg\u00e9 se fait aux risques et p\u00e9rils de l\u2019utilisateur et sous sa seule responsabilit\u00e9. En cons\u00e9quence, ne saurait \u00eatre tenu responsable d\u2019un quelconque dommage subi par l\u2019ordinateur de l\u2019utilisateur ou d\u2019une quelconque perte de donn\u00e9es cons\u00e9cutives au t\u00e9l\u00e9chargement.<br>De plus, l\u2019utilisateur du site s\u2019engage \u00e0 acc\u00e9der au site en utilisant un mat\u00e9riel r\u00e9cent, ne contenant pas de virus et avec un navigateur de derni\u00e8re g\u00e9n\u00e9ration mis-\u00e0-jour.<\/p>\n\n\n\n<h3 class=\"wp-block-heading\">Propri\u00e9t\u00e9 intellectuelle<\/h3>\n\n\n\n<p>Tout le contenu du pr\u00e9sent site <strong>www.mone.votreexcellence.com<\/strong>, incluant, de fa\u00e7on non limitative, les graphismes, images, textes, vid\u00e9os, animations, sons, logos, gifs et ic\u00f4nes ainsi que leur mise en forme sont la propri\u00e9t\u00e9 exclusive de la soci\u00e9t\u00e9.<br>Toute reproduction, distribution, modification, adaptation, retransmission ou publication, m\u00eame partielle, de ces diff\u00e9rents \u00e9l\u00e9ments est strictement interdite sans l\u2019accord expr\u00e8s par \u00e9crit. Cette repr\u00e9sentation ou reproduction, par quelque proc\u00e9d\u00e9 que ce soit, constitue une contrefa\u00e7on sanctionn\u00e9e par les articles L.335-2 et suivants du Code de la propri\u00e9t\u00e9 intellectuelle. Le non-respect de cette interdiction constitue une contrefa\u00e7on pouvant engager la responsabilit\u00e9 civile et p\u00e9nale du contrefacteur. En outre, les propri\u00e9taires des Contenus copi\u00e9s pourraient intenter une action en justice \u00e0 votre encontre.<\/p>\n\n\n\n<h3 class=\"wp-block-heading\">Litiges<\/h3>\n\n\n\n<p>Les pr\u00e9sentes conditions du site <strong>www.mone.votreexcellence.com<\/strong> sont r\u00e9gies par les lois fran\u00e7aises et toute contestation ou litiges qui pourraient na\u00eetre de l\u2019interpr\u00e9tation ou de l\u2019ex\u00e9cution de celles-ci seront de la comp\u00e9tence exclusive des tribunaux dont d\u00e9pend le si\u00e8ge social de la soci\u00e9t\u00e9. La langue de r\u00e9f\u00e9rence, pour le r\u00e8glement de contentieux \u00e9ventuels, est le fran\u00e7ais.<\/p>\n\n\n\n<h3 class=\"wp-block-heading\">Donn\u00e9es personnelles<\/h3>\n\n\n\n<p>De mani\u00e8re g\u00e9n\u00e9rale, vous n\u2019\u00eates pas tenu de nous communiquer vos donn\u00e9es personnelles lorsque vous visitez notre site Internet.<br>Cependant, ce principe comporte certaines exceptions.<br>En effet, pour certains services propos\u00e9s par notre site, vous pouvez \u00eatre amen\u00e9s \u00e0 nous communiquer des donn\u00e9es telles que : votre nom, votre fonction, le nom de votre soci\u00e9t\u00e9, votre adresse \u00e9lectronique, et votre num\u00e9ro de t\u00e9l\u00e9phone. Tel est le cas lorsque vous remplissez les formulaires qui vous sont propos\u00e9s en ligne.<br>Il est \u00e0 noter que vous pouvez refuser de fournir vos donn\u00e9es personnelles. Dans ce cas, vous ne pourrez pas utiliser les services du site, notamment celui de solliciter des renseignements sur notre soci\u00e9t\u00e9, ou de recevoir les lettres d\u2019information.<br>Enfin, nous pouvons collecter de mani\u00e8re automatique certaines informations vous concernant lors d\u2019une simple navigation sur notre site internet, notamment des informations concernant l\u2019utilisation de notre site, comme les zones que vous visitez et les services auxquels vous acc\u00e9dez, votre adresse IP, le type de votre navigateur, vos temps d\u2019acc\u00e8s.<br>De telles informations sont utilis\u00e9es exclusivement \u00e0 des fins de statistiques internes, de mani\u00e8re \u00e0 am\u00e9liorer la qualit\u00e9 des services qui vous sont propos\u00e9s.<br>Les bases de donn\u00e9es sont prot\u00e9g\u00e9es par les dispositions de la loi du 1er juillet 1998 transposant la directive 96\/9 du 11 mars 1996 relative \u00e0 la protection juridique des bases de donn\u00e9es.<\/p>\n","protected":false},"excerpt":{"rendered":"<p>Merci de lire avec attention les diff\u00e9rentes modalit\u00e9s d\u2019utilisation du pr\u00e9sent site avant d\u2019y parcourir ses pages. En vous connectant sur ce site, vous acceptez, sans r\u00e9serves, les pr\u00e9sentes modalit\u00e9s.Aussi, conform\u00e9ment \u00e0 l\u2019article n\u00b06 de la Loi n\u00b02004-575 du 21 Juin 2004 pour la confiance dans l\u2019\u00e9conomie num\u00e9rique, les responsables du pr\u00e9sent site internet www.mone.votreexcellence.com [&hellip;]<\/p>\n","protected":false},"author":1,"featured_media":0,"parent":0,"menu_order":0,"comment_status":"closed","ping_status":"closed","template":"full-width.php","meta":{"footnotes":""},"class_list":["post-78","page","type-page","status-publish","hentry"],"yoast_head":"<!-- This site is optimized with the Yoast SEO plugin v25.0 - https:\/\/yoast.com\/wordpress\/plugins\/seo\/ -->\n<title>Mentions l\u00e9gales - Agence Cars MONE<\/title>\n<meta name=\"robots\" content=\"index, follow, max-snippet:-1, max-image-preview:large, max-video-preview:-1\" \/>\n<link rel=\"canonical\" href=\"https:\/\/mone.votreexcellence.com\/?page_id=78\" \/>\n<meta property=\"og:locale\" content=\"fr_FR\" \/>\n<meta property=\"og:type\" content=\"article\" \/>\n<meta property=\"og:title\" content=\"Mentions l\u00e9gales - Agence Cars MONE\" \/>\n<meta property=\"og:description\" content=\"Merci de lire avec attention les diff\u00e9rentes modalit\u00e9s d\u2019utilisation du pr\u00e9sent site avant d\u2019y parcourir ses pages. En vous connectant sur ce site, vous acceptez, sans r\u00e9serves, les pr\u00e9sentes modalit\u00e9s.Aussi, conform\u00e9ment \u00e0 l\u2019article n\u00b06 de la Loi n\u00b02004-575 du 21 Juin 2004 pour la confiance dans l\u2019\u00e9conomie num\u00e9rique, les responsables du pr\u00e9sent site internet www.mone.votreexcellence.com [&hellip;]\" \/>\n<meta property=\"og:url\" content=\"https:\/\/mone.votreexcellence.com\/?page_id=78\" \/>\n<meta property=\"og:site_name\" content=\"Agence Cars MONE\" \/>\n<meta property=\"article:modified_time\" content=\"2024-05-28T14:44:14+00:00\" \/>\n<meta name=\"twitter:card\" content=\"summary_large_image\" \/>\n<meta name=\"twitter:label1\" content=\"Dur\u00e9e de lecture estim\u00e9e\" \/>\n\t<meta name=\"twitter:data1\" content=\"5 minutes\" \/>\n<script type=\"application\/ld+json\" class=\"yoast-schema-graph\">{\"@context\":\"https:\/\/schema.org\",\"@graph\":[{\"@type\":\"WebPage\",\"@id\":\"https:\/\/mone.votreexcellence.com\/?page_id=78\",\"url\":\"https:\/\/mone.votreexcellence.com\/?page_id=78\",\"name\":\"Mentions l\u00e9gales - Agence Cars MONE\",\"isPartOf\":{\"@id\":\"https:\/\/mone.votreexcellence.com\/#website\"},\"datePublished\":\"2024-05-28T14:40:11+00:00\",\"dateModified\":\"2024-05-28T14:44:14+00:00\",\"breadcrumb\":{\"@id\":\"https:\/\/mone.votreexcellence.com\/?page_id=78#breadcrumb\"},\"inLanguage\":\"fr-FR\",\"potentialAction\":[{\"@type\":\"ReadAction\",\"target\":[\"https:\/\/mone.votreexcellence.com\/?page_id=78\"]}]},{\"@type\":\"BreadcrumbList\",\"@id\":\"https:\/\/mone.votreexcellence.com\/?page_id=78#breadcrumb\",\"itemListElement\":[{\"@type\":\"ListItem\",\"position\":1,\"name\":\"Accueil\",\"item\":\"https:\/\/mone.votreexcellence.com\/\"},{\"@type\":\"ListItem\",\"position\":2,\"name\":\"Mentions l\u00e9gales\"}]},{\"@type\":\"WebSite\",\"@id\":\"https:\/\/mone.votreexcellence.com\/#website\",\"url\":\"https:\/\/mone.votreexcellence.com\/\",\"name\":\"Agence Cars MONE\",\"description\":\"\",\"publisher\":{\"@id\":\"https:\/\/mone.votreexcellence.com\/#organization\"},\"potentialAction\":[{\"@type\":\"SearchAction\",\"target\":{\"@type\":\"EntryPoint\",\"urlTemplate\":\"https:\/\/mone.votreexcellence.com\/?s={search_term_string}\"},\"query-input\":{\"@type\":\"PropertyValueSpecification\",\"valueRequired\":true,\"valueName\":\"search_term_string\"}}],\"inLanguage\":\"fr-FR\"},{\"@type\":\"Organization\",\"@id\":\"https:\/\/mone.votreexcellence.com\/#organization\",\"name\":\"Agence Cars MONE\",\"url\":\"https:\/\/mone.votreexcellence.com\/\",\"logo\":{\"@type\":\"ImageObject\",\"inLanguage\":\"fr-FR\",\"@id\":\"https:\/\/mone.votreexcellence.com\/#\/schema\/logo\/image\/\",\"url\":\"https:\/\/mone.votreexcellence.com\/wp-content\/uploads\/2024\/05\/site-visuel-01.png\",\"contentUrl\":\"https:\/\/mone.votreexcellence.com\/wp-content\/uploads\/2024\/05\/site-visuel-01.png\",\"width\":4167,\"height\":1875,\"caption\":\"Agence Cars MONE\"},\"image\":{\"@id\":\"https:\/\/mone.votreexcellence.com\/#\/schema\/logo\/image\/\"}}]}<\/script>\n<!-- \/ Yoast SEO plugin. -->","yoast_head_json":{"title":"Mentions l\u00e9gales - Agence Cars MONE","robots":{"index":"index","follow":"follow","max-snippet":"max-snippet:-1","max-image-preview":"max-image-preview:large","max-video-preview":"max-video-preview:-1"},"canonical":"https:\/\/mone.votreexcellence.com\/?page_id=78","og_locale":"fr_FR","og_type":"article","og_title":"Mentions l\u00e9gales - Agence Cars MONE","og_description":"Merci de lire avec attention les diff\u00e9rentes modalit\u00e9s d\u2019utilisation du pr\u00e9sent site avant d\u2019y parcourir ses pages. En vous connectant sur ce site, vous acceptez, sans r\u00e9serves, les pr\u00e9sentes modalit\u00e9s.Aussi, conform\u00e9ment \u00e0 l\u2019article n\u00b06 de la Loi n\u00b02004-575 du 21 Juin 2004 pour la confiance dans l\u2019\u00e9conomie num\u00e9rique, les responsables du pr\u00e9sent site internet www.mone.votreexcellence.com [&hellip;]","og_url":"https:\/\/mone.votreexcellence.com\/?page_id=78","og_site_name":"Agence Cars MONE","article_modified_time":"2024-05-28T14:44:14+00:00","twitter_card":"summary_large_image","twitter_misc":{"Dur\u00e9e de lecture estim\u00e9e":"5 minutes"},"schema":{"@context":"https:\/\/schema.org","@graph":[{"@type":"WebPage","@id":"https:\/\/mone.votreexcellence.com\/?page_id=78","url":"https:\/\/mone.votreexcellence.com\/?page_id=78","name":"Mentions l\u00e9gales - Agence Cars MONE","isPartOf":{"@id":"https:\/\/mone.votreexcellence.com\/#website"},"datePublished":"2024-05-28T14:40:11+00:00","dateModified":"2024-05-28T14:44:14+00:00","breadcrumb":{"@id":"https:\/\/mone.votreexcellence.com\/?page_id=78#breadcrumb"},"inLanguage":"fr-FR","potentialAction":[{"@type":"ReadAction","target":["https:\/\/mone.votreexcellence.com\/?page_id=78"]}]},{"@type":"BreadcrumbList","@id":"https:\/\/mone.votreexcellence.com\/?page_id=78#breadcrumb","itemListElement":[{"@type":"ListItem","position":1,"name":"Accueil","item":"https:\/\/mone.votreexcellence.com\/"},{"@type":"ListItem","position":2,"name":"Mentions l\u00e9gales"}]},{"@type":"WebSite","@id":"https:\/\/mone.votreexcellence.com\/#website","url":"https:\/\/mone.votreexcellence.com\/","name":"Agence Cars MONE","description":"","publisher":{"@id":"https:\/\/mone.votreexcellence.com\/#organization"},"potentialAction":[{"@type":"SearchAction","target":{"@type":"EntryPoint","urlTemplate":"https:\/\/mone.votreexcellence.com\/?s={search_term_string}"},"query-input":{"@type":"PropertyValueSpecification","valueRequired":true,"valueName":"search_term_string"}}],"inLanguage":"fr-FR"},{"@type":"Organization","@id":"https:\/\/mone.votreexcellence.com\/#organization","name":"Agence Cars MONE","url":"https:\/\/mone.votreexcellence.com\/","logo":{"@type":"ImageObject","inLanguage":"fr-FR","@id":"https:\/\/mone.votreexcellence.com\/#\/schema\/logo\/image\/","url":"https:\/\/mone.votreexcellence.com\/wp-content\/uploads\/2024\/05\/site-visuel-01.png","contentUrl":"https:\/\/mone.votreexcellence.com\/wp-content\/uploads\/2024\/05\/site-visuel-01.png","width":4167,"height":1875,"caption":"Agence Cars MONE"},"image":{"@id":"https:\/\/mone.votreexcellence.com\/#\/schema\/logo\/image\/"}}]}},"_links":{"self":[{"href":"https:\/\/mone.votreexcellence.com\/index.php?rest_route=\/wp\/v2\/pages\/78","targetHints":{"allow":["GET"]}}],"collection":[{"href":"https:\/\/mone.votreexcellence.com\/index.php?rest_route=\/wp\/v2\/pages"}],"about":[{"href":"https:\/\/mone.votreexcellence.com\/index.php?rest_route=\/wp\/v2\/types\/page"}],"author":[{"embeddable":true,"href":"https:\/\/mone.votreexcellence.com\/index.php?rest_route=\/wp\/v2\/users\/1"}],"replies":[{"embeddable":true,"href":"https:\/\/mone.votreexcellence.com\/index.php?rest_route=%2Fwp%2Fv2%2Fcomments&post=78"}],"version-history":[{"count":2,"href":"https:\/\/mone.votreexcellence.com\/index.php?rest_route=\/wp\/v2\/pages\/78\/revisions"}],"predecessor-version":[{"id":81,"href":"https:\/\/mone.votreexcellence.com\/index.php?rest_route=\/wp\/v2\/pages\/78\/revisions\/81"}],"wp:attachment":[{"href":"https:\/\/mone.votreexcellence.com\/index.php?rest_route=%2Fwp%2Fv2%2Fmedia&parent=78"}],"curies":[{"name":"wp","href":"https:\/\/api.w.org\/{rel}","templated":true}]}}